{"id":39,"date":"2013-10-22T22:03:05","date_gmt":"2013-10-22T20:03:05","guid":{"rendered":"http:\/\/www.kaenguruh.org\/Homepage\/?page_id=39"},"modified":"2024-02-07T15:34:49","modified_gmt":"2024-02-07T13:34:49","slug":"anmeldung","status":"publish","type":"page","link":"https:\/\/www.kaenguruh.org\/?page_id=39","title":{"rendered":"Anmeldung"},"content":{"rendered":"<p>Die Anmeldung bei K\u00e4nguruh muss \u00fcber <a href=\"http:\/\/KindernetFrankfurt\" target=\"_blank\" rel=\"noopener\">www.kindernetfrankfurt.de <\/a>erfolgen. Wir legen Wert darauf, dass Sie sich auch pers\u00f6nlich bei uns vorstellen kommen. Wir arbeiten sehr eng mit den Eltern zusammen und deshalb ist es uns sehr wichtig auch schon bei der Anmeldung den pers\u00f6nlichen Kontakt zu haben.<\/p>\n<p><span style=\"color: #1e73be;\">\u25cf<\/span>\u00a0Um einen Termin zur Anmeldung zu bekommen rufen Sie uns bitte unter 06109 \/ 24 93 54 an.<\/p>\n<p><span style=\"color: #1e73be;\">\u25cf<\/span>\u00a0Bitte haben Sie Verst\u00e4ndnis daf\u00fcr, dass wir nicht immer ans Telefon gehen k\u00f6nnen\/wollen.<\/p>\n<p><span style=\"color: #1e73be;\">\u25cf<\/span>\u00a0W\u00e4hrend unsere Essenszeiten werden keine Telefonanrufe beantwortet um den Ablauf nicht zu st\u00f6ren.<\/p>\n<p><span style=\"color: #1e73be;\">\u25cf<\/span> Die Essenszeiten sind: 09:00 &#8211; 09:30, 11:00-11:30, 14:15-14.45<\/p>\n<p><span style=\"color: #1e73be;\">\u25cf<\/span> Zwischen 15:00 und 17:00 kann es sein, das wir mit den Kindern drau\u00dfen unterwegs sind und deshalb auch Telefonisch nicht erreichbar sind.<\/p>\n<p><span style=\"color: #1e73be;\">\u25cf<\/span>\u00a0Unser Anrufbeantworter ist aber jederzeit f\u00fcr Sie da und freut sich \u00fcber Ihre Nachricht. Wir rufen Sie dann gerne zur\u00fcck.<\/p>\n","protected":false},"excerpt":{"rendered":"<p>Die Anmeldung bei K\u00e4nguruh muss \u00fcber www.kindernetfrankfurt.de erfolgen. Wir legen Wert darauf, dass Sie sich auch pers\u00f6nlich bei uns vorstellen kommen. Wir arbeiten sehr eng mit den Eltern zusammen und deshalb ist es uns sehr wichtig auch schon bei der &hellip; <a href=\"https:\/\/www.kaenguruh.org\/?page_id=39\">Weiterlesen <span class=\"meta-nav\">&rarr;<\/span><\/a><\/p>\n","protected":false},"author":1,"featured_media":0,"parent":0,"menu_order":0,"comment_status":"closed","ping_status":"closed","template":"onecolumn-page.php","meta":{"footnotes":""},"_links":{"self":[{"href":"https:\/\/www.kaenguruh.org\/index.php?rest_route=\/wp\/v2\/pages\/39"}],"collection":[{"href":"https:\/\/www.kaenguruh.org\/index.php?rest_route=\/wp\/v2\/pages"}],"about":[{"href":"https:\/\/www.kaenguruh.org\/index.php?rest_route=\/wp\/v2\/types\/page"}],"author":[{"embeddable":true,"href":"https:\/\/www.kaenguruh.org\/index.php?rest_route=\/wp\/v2\/users\/1"}],"replies":[{"embeddable":true,"href":"https:\/\/www.kaenguruh.org\/index.php?rest_route=%2Fwp%2Fv2%2Fcomments&post=39"}],"version-history":[{"count":6,"href":"https:\/\/www.kaenguruh.org\/index.php?rest_route=\/wp\/v2\/pages\/39\/revisions"}],"predecessor-version":[{"id":300,"href":"https:\/\/www.kaenguruh.org\/index.php?rest_route=\/wp\/v2\/pages\/39\/revisions\/300"}],"wp:attachment":[{"href":"https:\/\/www.kaenguruh.org\/index.php?rest_route=%2Fwp%2Fv2%2Fmedia&parent=39"}],"curies":[{"name":"wp","href":"https:\/\/api.w.org\/{rel}","templated":true}]}}