{"id":32,"date":"2013-10-22T21:57:24","date_gmt":"2013-10-22T19:57:24","guid":{"rendered":"http:\/\/www.kaenguruh.org\/Homepage\/?page_id=32"},"modified":"2018-03-28T14:20:36","modified_gmt":"2018-03-28T12:20:36","slug":"ausbildung","status":"publish","type":"page","link":"https:\/\/www.kaenguruh.org\/?page_id=32","title":{"rendered":"Ausbildung"},"content":{"rendered":"<p><strong><span style=\"color: #1e73be;\">Der Jugend geh\u00f6rt die Zukunft . . .<\/span><\/strong><br \/>\nK\u00e4nguruh bietet die M\u00f6glichkeit, die Arbeit mit Kindern im Alter von 8 Wochen &#8211; 3 Jahren kennen zulernen. Wenn ihr eine Praktikumsstelle sucht . . . einfach anrufen. Wir freuen uns auf euch!<\/p>\n","protected":false},"excerpt":{"rendered":"<p>Der Jugend geh\u00f6rt die Zukunft . . . K\u00e4nguruh bietet die M\u00f6glichkeit, die Arbeit mit Kindern im Alter von 8 Wochen &#8211; 3 Jahren kennen zulernen. Wenn ihr eine Praktikumsstelle sucht . . . einfach anrufen. Wir freuen uns auf &hellip; <a href=\"https:\/\/www.kaenguruh.org\/?page_id=32\">Weiterlesen <span class=\"meta-nav\">&rarr;<\/span><\/a><\/p>\n","protected":false},"author":1,"featured_media":0,"parent":0,"menu_order":0,"comment_status":"closed","ping_status":"closed","template":"onecolumn-page.php","meta":{"footnotes":""},"_links":{"self":[{"href":"https:\/\/www.kaenguruh.org\/index.php?rest_route=\/wp\/v2\/pages\/32"}],"collection":[{"href":"https:\/\/www.kaenguruh.org\/index.php?rest_route=\/wp\/v2\/pages"}],"about":[{"href":"https:\/\/www.kaenguruh.org\/index.php?rest_route=\/wp\/v2\/types\/page"}],"author":[{"embeddable":true,"href":"https:\/\/www.kaenguruh.org\/index.php?rest_route=\/wp\/v2\/users\/1"}],"replies":[{"embeddable":true,"href":"https:\/\/www.kaenguruh.org\/index.php?rest_route=%2Fwp%2Fv2%2Fcomments&post=32"}],"version-history":[{"count":4,"href":"https:\/\/www.kaenguruh.org\/index.php?rest_route=\/wp\/v2\/pages\/32\/revisions"}],"predecessor-version":[{"id":177,"href":"https:\/\/www.kaenguruh.org\/index.php?rest_route=\/wp\/v2\/pages\/32\/revisions\/177"}],"wp:attachment":[{"href":"https:\/\/www.kaenguruh.org\/index.php?rest_route=%2Fwp%2Fv2%2Fmedia&parent=32"}],"curies":[{"name":"wp","href":"https:\/\/api.w.org\/{rel}","templated":true}]}}