{"id":29,"date":"2013-10-22T21:37:26","date_gmt":"2013-10-22T19:37:26","guid":{"rendered":"http:\/\/www.kaenguruh.org\/Homepage\/?page_id=29"},"modified":"2024-02-07T15:38:26","modified_gmt":"2024-02-07T13:38:26","slug":"kosten","status":"publish","type":"page","link":"https:\/\/www.kaenguruh.org\/?page_id=29","title":{"rendered":"Kosten"},"content":{"rendered":"<p>Das von den Erziehungsberechtigten zu zahlende monatliche Betreuungsentgelt betr\u00e4gt z.Zt.<br \/>\n<span style=\"color: #1e73be;\">\u25cf<\/span>\u00a0198,00 \u20ac f\u00fcr einen Ganztagesplatz<br \/>\n<span style=\"color: #1e73be;\">\u25cf<\/span> 20,50 \u20ac f\u00fcr das Fr\u00fchst\u00fcck und die Hygieneartikel<br \/>\n<span style=\"color: #1e73be;\">\u25cf<\/span> 70,50 \u20ac f\u00fcr die Mittagsverpflegung<\/p>\n<p>Ab dem 2. Lebensjahr entfallen die 198,00 Euro!<\/p>\n","protected":false},"excerpt":{"rendered":"<p>Das von den Erziehungsberechtigten zu zahlende monatliche Betreuungsentgelt betr\u00e4gt z.Zt. \u25cf\u00a0198,00 \u20ac f\u00fcr einen Ganztagesplatz \u25cf 20,50 \u20ac f\u00fcr das Fr\u00fchst\u00fcck und die Hygieneartikel \u25cf 70,50 \u20ac f\u00fcr die Mittagsverpflegung Ab dem 2. Lebensjahr entfallen die 198,00 Euro!<\/p>\n","protected":false},"author":1,"featured_media":0,"parent":0,"menu_order":0,"comment_status":"closed","ping_status":"closed","template":"onecolumn-page.php","meta":{"footnotes":""},"_links":{"self":[{"href":"https:\/\/www.kaenguruh.org\/index.php?rest_route=\/wp\/v2\/pages\/29"}],"collection":[{"href":"https:\/\/www.kaenguruh.org\/index.php?rest_route=\/wp\/v2\/pages"}],"about":[{"href":"https:\/\/www.kaenguruh.org\/index.php?rest_route=\/wp\/v2\/types\/page"}],"author":[{"embeddable":true,"href":"https:\/\/www.kaenguruh.org\/index.php?rest_route=\/wp\/v2\/users\/1"}],"replies":[{"embeddable":true,"href":"https:\/\/www.kaenguruh.org\/index.php?rest_route=%2Fwp%2Fv2%2Fcomments&post=29"}],"version-history":[{"count":7,"href":"https:\/\/www.kaenguruh.org\/index.php?rest_route=\/wp\/v2\/pages\/29\/revisions"}],"predecessor-version":[{"id":304,"href":"https:\/\/www.kaenguruh.org\/index.php?rest_route=\/wp\/v2\/pages\/29\/revisions\/304"}],"wp:attachment":[{"href":"https:\/\/www.kaenguruh.org\/index.php?rest_route=%2Fwp%2Fv2%2Fmedia&parent=29"}],"curies":[{"name":"wp","href":"https:\/\/api.w.org\/{rel}","templated":true}]}}